{"id":128,"date":"2014-12-08T14:28:44","date_gmt":"2014-12-08T14:28:44","guid":{"rendered":"http:\/\/btebulletin.com\/?page_id=128"},"modified":"2019-07-10T07:52:21","modified_gmt":"2019-07-10T07:52:21","slug":"issue-1-2015","status":"publish","type":"page","link":"https:\/\/btebulletin.com\/?page_id=128","title":{"rendered":"Issue 1-4"},"content":{"rendered":"<p><strong>Volume 2, Issue 1-4, 2015<\/strong><\/p>\n<div class=\"otw-sc-box bordered bordered rounded-10 otw-silver\"><div><\/p><br \/>\n<p style=\"text-align: left;\"><a href=\"http:\/\/btebulletin.com\/?page_id=815\"><span style=\"font-size: 14pt; color: #000000;\"><strong><span style=\"font-family: 'times new roman', times, serif;\">In vitro evaluation of the antibacterial activity of modified multi-walled carbon nanotubes with phenolic extracts<\/span><\/strong><\/span><\/a><\/p><br \/>\n<p style=\"text-align: left;\"><span style=\"font-size: 10pt;\"><strong><span style=\"font-family: 'times new roman', times, serif;\">Mahdieh Entezari, Zohreh Ghazi Tabatabaei, Amin Azarioun, Sanaz Sarabian, Ghazal Taghizadeh Farahani<\/span><\/strong><\/span><\/p><br \/>\n<p style=\"text-align: left;\"><a href=\"https:\/\/doi.org\/10.33263\/BTEB214.017023\" target=\"_blank\" rel=\"noopener\"><span style=\"font-family: 'times new roman', times, serif; font-size: 10pt;\"><em>https:\/\/doi.org\/10.33263\/BTEB214.017023<\/em><\/span><\/a><\/div><\/div>\n<div class=\"otw-sc-box bordered bordered rounded-10 otw-silver\"><div><\/p><br \/>\n<p style=\"text-align: left;\"><a href=\"http:\/\/btebulletin.com\/?page_id=821\"><span style=\"font-size: 14pt; font-family: 'times new roman', times, serif; color: #000000;\"><strong>Effects of hypericin on the oxidative stress and modulation of cytochrome P450 (CYP1A) activity in microsomes<\/strong><\/span><\/a><\/p><br \/>\n<p style=\"text-align: left;\"><span style=\"font-size: 10pt; font-family: 'times new roman', times, serif;\"><strong>Renata Kub\u00ednov\u00e1, V\u00e1clav Such\u00fd, Marie Valentov\u00e1<\/strong><\/span><\/p><br \/>\n<p style=\"text-align: left;\"><a href=\"https:\/\/doi.org\/10.33263\/BTEB214.024027\" target=\"_blank\" rel=\"noopener\"><em><span style=\"font-family: 'times new roman', times, serif; font-size: 10pt;\">https:\/\/doi.org\/10.33263\/BTEB214.024027<\/span><\/em><\/a><\/div><\/div>\n","protected":false},"excerpt":{"rendered":"<p>Volume 2, Issue 1-4, 2015<\/p>\n<p class=\"more-link-p\"><a class=\"more-link\" href=\"https:\/\/btebulletin.com\/?page_id=128\">Read more &rarr;<\/a><\/p>\n","protected":false},"author":1,"featured_media":0,"parent":126,"menu_order":0,"comment_status":"closed","ping_status":"closed","template":"","meta":{"ngg_post_thumbnail":0,"footnotes":""},"class_list":["post-128","page","type-page","status-publish","hentry"],"_links":{"self":[{"href":"https:\/\/btebulletin.com\/index.php?rest_route=\/wp\/v2\/pages\/128","targetHints":{"allow":["GET"]}}],"collection":[{"href":"https:\/\/btebulletin.com\/index.php?rest_route=\/wp\/v2\/pages"}],"about":[{"href":"https:\/\/btebulletin.com\/index.php?rest_route=\/wp\/v2\/types\/page"}],"author":[{"embeddable":true,"href":"https:\/\/btebulletin.com\/index.php?rest_route=\/wp\/v2\/users\/1"}],"replies":[{"embeddable":true,"href":"https:\/\/btebulletin.com\/index.php?rest_route=%2Fwp%2Fv2%2Fcomments&post=128"}],"version-history":[{"count":13,"href":"https:\/\/btebulletin.com\/index.php?rest_route=\/wp\/v2\/pages\/128\/revisions"}],"predecessor-version":[{"id":873,"href":"https:\/\/btebulletin.com\/index.php?rest_route=\/wp\/v2\/pages\/128\/revisions\/873"}],"up":[{"embeddable":true,"href":"https:\/\/btebulletin.com\/index.php?rest_route=\/wp\/v2\/pages\/126"}],"wp:attachment":[{"href":"https:\/\/btebulletin.com\/index.php?rest_route=%2Fwp%2Fv2%2Fmedia&parent=128"}],"curies":[{"name":"wp","href":"https:\/\/api.w.org\/{rel}","templated":true}]}}